{"id":41,"date":"2015-05-19T12:55:43","date_gmt":"2015-05-19T16:55:43","guid":{"rendered":"https:\/\/faculty.nipissingu.ca\/carlyd\/?page_id=41"},"modified":"2017-06-12T22:51:48","modified_gmt":"2017-06-13T02:51:48","slug":"publications","status":"publish","type":"page","link":"https:\/\/faculty.nipissingu.ca\/carlyd\/publications\/","title":{"rendered":"Publications"},"content":{"rendered":"<p><strong><a href=\"https:\/\/faculty.nipissingu.ca\/carlyd\/files\/2015\/05\/9780774828451-e1432144626365.jpg\"><br \/>\n<\/a>Books:<\/strong><\/p>\n<p><a href=\"https:\/\/faculty.nipissingu.ca\/carlyd\/9780773547001-2\/\"><img loading=\"lazy\" decoding=\"async\" class=\"alignright wp-image-111\" src=\"https:\/\/faculty.nipissingu.ca\/carlyd\/files\/2017\/06\/9780773547001-203x300.jpg\" alt=\"\" width=\"97\" height=\"139\" \/><\/a><br \/>\nMurton, J., Bavington, D., and <strong>Dokis, C.<\/strong>\u00a0(Eds.) (2016) <i>Subsistence Under <\/i><i>Capitalism: Historical and Contemporary Perspectives<\/i>. Rural, Wildland, and Resource Studies. Montreal: McGill-Queen&#8217;s University Press.<\/p>\n<p><strong><a href=\"https:\/\/faculty.nipissingu.ca\/carlyd\/files\/2015\/05\/9780774828451-e1432144626365.jpg\"><img loading=\"lazy\" decoding=\"async\" class=\"alignright size-full wp-image-68\" src=\"https:\/\/faculty.nipissingu.ca\/carlyd\/files\/2015\/05\/9780774828451-e1432144626365.jpg\" alt=\"\" width=\"100\" height=\"150\" \/><\/a><\/strong><\/p>\n<p>Dokis, Carly (2015) <em>Where The Rivers Meet: \u00a0Pipelines, Participatory Resource Management, and Aboriginal-State Relations in the Northwest Territories.<\/em> Nature, History, Society Series (Ed. Graeme Wynn) Vancouver: UBC Press.<\/p>\n<p>&nbsp;<\/p>\n<p><strong>Journal Articles:<\/strong><\/p>\n<p>Dokis, Carly (2016) Shapeshifters, the Petrostate, and the Making of Uncertain Futures in the Canadian North. Hot spots. <em>Cultural Anthropology<\/em> website, July 29 2016. https:\/\/culanth.org\/fieldsights\/928-shapeshifters-the-petrostate-and-the-making-of-uncertain-futures-in-the-canadian-north.<\/p>\n<p>Dokis, Carly (2010) Modern Day Treaties: \u2018Development,\u2019 Politics, and the Corporatization of Land in the Sahtu Dene and M\u00e9tis Comprehensive Land Claim Agreement. <em>Geography Research Forum. Special Issue: Aboriginal Canadians Issues and Challenges\u00a0<\/em>10: 32-49.<\/p>\n<p>McLafferty, Carly (2009) \u201cBut We Know Different, We Live Here\u201d: Public Participation in Environmental Assessment Hearings from Voisey\u2019s Bay, Labrador and the Sahtu Settlement Area, Northwest Territories. In <em>Proceedings of the Fourth IPSSAS Seminar<\/em>. Fran\u00e7ois Trudel (Ed.) Centre Interuniversitaire d.\u00e9tudes et de Recherches Autochtones of Universit\u00e9 Laval: Quebec City.<\/p>\n<p><strong>Book Chapters:<\/strong><\/p>\n<p>Restoule, P.,\u00a0<strong>Dokis, C.,<\/strong>, Kelly, B., (forthcoming) Working to Protect the Water: Stories of Connection and Transformation. In <em>Contexts of Indigenous Research<\/em>. Deborah McGregor and Rochelle Johnston (eds). Canadian Scholars Press: Toronto. (In Review).<\/p>\n<p>Dokis, Carly (2017) &#8220;Knowing Land, Quantifying Nature: Assessing Environmental Impacts in the Sahtu Region, Northwest Territories.&#8221; In\u00a0<em>Critical Norths: Space, Nature, Theory<\/em>. Sarah Jaquette Ray &amp; Kevin Maier (Eds). University of Alaska Press: Fairbanks.<\/p>\n<p>Murton, J., Bavington, D., and <strong>Dokis, C<\/strong>. (2016) &#8220;Introduction: Why Subsistence? What Shadows?&#8221; In <em>Bringing Subsistence Out of the Shadows: Subsistence, Nature and Economy in Historical and Contemporary Perspective<\/em>. Rural, Wildland and Resources Studies Series. J. Murton, D. Bavington, and C. Dokis (Eds). Montreal: McGill-Queen\u2019s Press.<\/p>\n<p><strong>Invited Comments\/Editorials:<\/strong><\/p>\n<p><strong>Dokis, Carly<\/strong> and Benjamin Kelly (2014) &#8220;Learning to Listen: Reflections on Fieldwork in First Nation Communities in Canada.&#8221;\u00a0<em>Canadian Association of Research Ethics Boards Pre &amp; Post<\/em>. September, 2014: 2-3.<\/p>\n<p>Dokis Doug, and<strong>\u00a0Carly McLafferty<\/strong>\u00a0(2005) \u201cCultural Competency in a Post-Secondary Environment.\u201d\u00a0<em>Communique<\/em>\u00a05,3:10.<\/p>\n<p><strong>Recent Academic Conference Papers:<\/strong><\/p>\n<p>Dokis, Carly (2017) (Re)Inscribing Relationally, (Re)Imagining Community: constructions of mobilities in an Anishinaabeg Community in Northern Ontario. Canadian Anthropology Society. Ottawa, ON, May.<\/p>\n<p><strong>Dokis, Carly<\/strong> and Benjamin Kelly (2016). The Biopolitics of Drinking Water Quality Assessment in First Nations Communities in Canada.Canadian Anthropology Society, Halifax, NS, May.<\/p>\n<p><strong>Dokis, Carly<\/strong>, Benjamin Kelly, Randy Restoule, and Paige Restoule \u00a0(2015) Working to Protect the Water: Exploring Water Knowledges and Experiences Through Storycircles. <em>GDO AKIIMINAAN GANAWENDANDAAN (Taking Care of Our Land): Exploring Aboriginal Land Management, Planning, and Use<\/em>. Algoma University, Sault St. Marie ON, May.<\/p>\n<p><strong>Dokis, Carly<\/strong>, Benjamin Kelly, Randy Restoule, and Paige Restoule (2015) \u201cWater is Life\u201d: Exploring Water Knowledges and Experience in Northern Ontario. Meeting of the Society for Applied Anthropology. Pittsburg, PA USA, March.<\/p>\n<p><strong>Dokis, Carly<\/strong> and Benjamin Kelly (2014) Problematizing Certainty: First Nations \u201cSafe\u201d Drinking Water and the Construction of Risk. Presented at <em>Promising Uncertainties: Unsettling the Future of Anthropological Terrain<\/em>, the annual Meeting of the Canadian Anthropological Society. Toronto, ON, May.<\/p>\n<p>Dokis, Carly (2013) Does Subsistence Provide an Alternative to Capitalism? Invited panel participant, annual meeting of the <em>American Society for Environmental History<\/em>. Toronto, May.<\/p>\n<p>Dokis, Carly (2012) Encountering Anthropology: Danger, Humour, and Ethics in the Field. Presented at <em>The Unexpected<\/em>, the annual meeting of the Canadian Anthropology Society. Edmonton, AB. May.<\/p>\n<p>Dokis, Carly (2011) \u201cWhat We Are Taking About Is the Truth\u201d: The Role of Knowledge, Power, and Being Dene in the Mackenzie Gas Project Community Hearings. Accepted for <em>Traces, Tidemarks, and Legacies<\/em>, the annual meeting of the American Anthropological Association. Montreal, PQ. November.<\/p>\n<p>Dokis, Carly (2010) Resource Decision Making Processes Under Comprehensive Claims: Consultation, Co-Management and the Corporatization of Land. Salisbury Lecture. Given at <em>Anthropological Connections<\/em>, CONGRESS and the annual meeting of the Canadian Anthropology Society. Montreal, PQ. May.<\/p>\n","protected":false},"excerpt":{"rendered":"<p>Books: Murton, J., Bavington, D., and Dokis, C.\u00a0(Eds.) (2016) Subsistence Under Capitalism: Historical and Contemporary Perspectives. Rural, Wildland, and Resource Studies. Montreal: McGill-Queen&#8217;s University Press. Dokis, Carly (2015) Where The Rivers Meet: \u00a0Pipelines, Participatory Resource Management, and Aboriginal-State Relations in &hellip; <a href=\"https:\/\/faculty.nipissingu.ca\/carlyd\/publications\/\">Continue reading <span class=\"meta-nav\">&rarr;<\/span><\/a><\/p>\n","protected":false},"author":501,"featured_media":71,"parent":0,"menu_order":4,"comment_status":"closed","ping_status":"open","template":"","meta":{"_themeisle_gutenberg_block_has_review":false,"footnotes":""},"class_list":["post-41","page","type-page","status-publish","has-post-thumbnail","hentry"],"aioseo_notices":[],"_links":{"self":[{"href":"https:\/\/faculty.nipissingu.ca\/carlyd\/wp-json\/wp\/v2\/pages\/41","targetHints":{"allow":["GET"]}}],"collection":[{"href":"https:\/\/faculty.nipissingu.ca\/carlyd\/wp-json\/wp\/v2\/pages"}],"about":[{"href":"https:\/\/faculty.nipissingu.ca\/carlyd\/wp-json\/wp\/v2\/types\/page"}],"author":[{"embeddable":true,"href":"https:\/\/faculty.nipissingu.ca\/carlyd\/wp-json\/wp\/v2\/users\/501"}],"replies":[{"embeddable":true,"href":"https:\/\/faculty.nipissingu.ca\/carlyd\/wp-json\/wp\/v2\/comments?post=41"}],"version-history":[{"count":16,"href":"https:\/\/faculty.nipissingu.ca\/carlyd\/wp-json\/wp\/v2\/pages\/41\/revisions"}],"predecessor-version":[{"id":118,"href":"https:\/\/faculty.nipissingu.ca\/carlyd\/wp-json\/wp\/v2\/pages\/41\/revisions\/118"}],"wp:featuredmedia":[{"embeddable":true,"href":"https:\/\/faculty.nipissingu.ca\/carlyd\/wp-json\/wp\/v2\/media\/71"}],"wp:attachment":[{"href":"https:\/\/faculty.nipissingu.ca\/carlyd\/wp-json\/wp\/v2\/media?parent=41"}],"curies":[{"name":"wp","href":"https:\/\/api.w.org\/{rel}","templated":true}]}}