{"id":60,"date":"2014-11-28T09:20:34","date_gmt":"2014-11-28T14:20:34","guid":{"rendered":"https:\/\/faculty.nipissingu.ca\/danj2\/?page_id=60"},"modified":"2026-01-15T15:09:45","modified_gmt":"2026-01-15T20:09:45","slug":"artefacts","status":"publish","type":"page","link":"https:\/\/faculty.nipissingu.ca\/danj\/artefacts\/","title":{"rendered":"ARTeFACTS"},"content":{"rendered":"<ul>\n<li><a href=\"#vis_arts_ed_orgs\">VISUAL ARTS EDUCATION ORGANIZATIONS<\/a>\n<ul>\n<li><a href=\"#vis_arts_ed_orgs_int\">INTERNATIONAL<\/a><\/li>\n<li><a href=\"#vis_arts_ed_orgs_nat\">CANADIAN<\/a><\/li>\n<li><a href=\"#vis_arts_ed_orgs_pro\">PROVINCIAL<\/a><\/li>\n<\/ul>\n<\/li>\n<li><a href=\"#vis_arts_ed_rsrch_jrnls\">VISUAL ARTS EDUCATION &amp; RESEARCH\u00a0JOURNALS<\/a><\/li>\n<li><a href=\"#on_mntry_ed_vsl_art_pubs\">ONTARIO MINISTRY OF EDUCATION VISUAL\u00a0ARTS PUBLICATIONS<\/a>\n<ul>\n<li><a href=\"#on_mntry_ed_vsl_art_pubs_prov_curr\">PROVINCIAL CURRICULUM<\/a><\/li>\n<li><a href=\"#on_mntry_ed_vsl_art_pubs_sup_docs\">SUPPORT SITES &amp; DOCUMENTS<\/a><\/li>\n<\/ul>\n<\/li>\n<li><a href=\"#vsl_art_glry_msm\">VISUAL ARTS GALLERIES &amp; MUSEUMS<\/a><\/li>\n<li><a href=\"#vsl_art_math_con\">VISUAL ARTS &amp; MATHEMATICS CONNECTIONS<\/a><\/li>\n<li><a href=\"#vsl_art_misc_res\">OTHER VISUAL ARTS &amp; MISCELLANEOUS RESOURCES<\/a><\/li>\n<\/ul>\n<p><strong>VISUAL ARTS EDUCATION ORGANIZATIONS<\/strong><a name=\"vis_arts_ed_orgs\"><\/a><\/p>\n<p class=\"sub\"><strong>INTERNATIONAL<\/strong><a name=\"vis_arts_ed_orgs_int\"><\/a><\/p>\n<ul>\n<li><a href=\"http:\/\/www.icaf.org\/\">International Children Art Foundation\u00a0(ICAF)<\/a><\/li>\n<li><a href=\"https:\/\/sculpture.org\/default.aspx\">International Sculpture Center (ISC)<\/a><\/li>\n<li><a href=\"https:\/\/www.insea.org\/\">International Society for\u00a0Education through Art (InSEA)<\/a><\/li>\n<li><a href=\"https:\/\/www.arteducators.org\/\">National Art Education Association\u00a0(NAEA)<\/a><\/li>\n<li><a href=\"http:\/\/en.unesco.org\/\">United\u00a0Nations Educational, Scientific &amp; Cultural Org. (UNESCO)<\/a><\/li>\n<li><a href=\"http:\/\/ussea.net\/\">United States Society for Education through Art (USSEA)<\/a><\/li>\n<\/ul>\n<p id=\"topsm\" align=\"right\"><a href=\"#top\">[\u00a0top\u00a0]<\/a><\/p>\n<p class=\"sub\"><strong>CANADIAN<\/strong><a name=\"vis_arts_ed_orgs_nat\"><\/a><\/p>\n<ul>\n<li><a href=\"https:\/\/www.aci-iac.ca\/education\/teacher-resource-guides\/\">Art Canada Institute (ACI): Canadian Art Education Teacher Resource Guides<\/a><\/li>\n<li><a href=\"http:\/\/eduarts.ca\/\">Canadian Network for Arts and Learning (CNAL)<\/a><\/li>\n<li><a href=\"https:\/\/csea-scea.ca\/\">Canadian Society for Education through\u00a0Art (CSEA)<\/a><\/li>\n<li><a href=\"http:\/\/unesco.ca\/home-accueil\">Canadian Commission for UNESCO<\/a><\/li>\n<li><a href=\"http:\/\/www.canadacouncil.ca\/\">Canada\u00a0Council for the Arts (CAA)<\/a><\/li>\n<li><a href=\"http:\/\/www.ccca.ca\/\">Canadian Art Database (CCCA Project)<\/a><\/li>\n<li><a href=\"https:\/\/www.canada.ca\/en\/canadian-heritage.html\">Canadian Heritage<\/a><\/li>\n<li><a href=\"http:\/\/www.portraitsocietyofcanada.com\/\">Portrait Society of\u00a0Canada<\/a><\/li>\n<\/ul>\n<p id=\"topsm\" align=\"right\"><a href=\"#top\">[\u00a0top\u00a0]<\/a><\/p>\n<p class=\"sub\"><strong>PROVINCIAL<\/strong><a name=\"vis_arts_ed_orgs_pro\"><\/a><\/p>\n<ul>\n<li><a href=\"https:\/\/www.bcata.ca\/\">British Columbia&#8217;s\u00a0Art Teachers&#8217; Association (BCATA)<\/a><\/li>\n<li><a href=\"https:\/\/www.fineartsata.ca\/\">Alberta Teachers Association: Fine\u00a0Arts Council (ATAFAC)<\/a><\/li>\n<li><a href=\"https:\/\/www.saskart.ca\/\">Saskatchewan Art Education Association (SAEA)<\/a><\/li>\n<li><a href=\"http:\/\/www.manitobaarteducation.com\/\">Manitoba Association for Art Education (MAAE)<\/a><\/li>\n<li><a href=\"https:\/\/ontarioarteducationassociation.org\/\">Ontario Art Education Association (OAEA)<\/a><\/li>\n<li><a href=\"http:\/\/www.arts.on.ca\/site4.aspx\">Ontario Arts Council (OAC)<\/a><\/li>\n<li><a href=\"http:\/\/aqesap.org\/\">Association Qu\u00e9b\u00e9coise des\u00a0\u00c9ducatrices et \u00c9ducateurs Sp\u00e9cialis\u00e9s en Arts<br \/>\nPlastiques (AQ\u00c9SAP)<\/a><\/li>\n<li><a href=\"http:\/\/nsata.ednet.ns.ca\/\">Art Teachers Association of Nova Scotia\u00a0(ATA)<\/a><\/li>\n<\/ul>\n<p id=\"topsm\" align=\"right\"><a href=\"#top\">[\u00a0top\u00a0]<\/a><\/p>\n<p><strong>VISUAL ARTS EDUCATION &amp; RESEARCH JOURNALS<\/strong><a name=\"vis_arts_ed_rsrch_jrnls\"><\/a><\/p>\n<ul>\n<li><a href=\"http:\/\/www.artinamericamagazine.com\/\">Art in America<\/a><\/li>\n<li><a href=\"https:\/\/journals.library.ualberta.ca\/ari\/index.php\/ari\">Art\/Research International: A Transdisciplinary Journal<\/a><\/li>\n<li><a href=\"https:\/\/www.tandfonline.com\/journals\/vaep20\">Arts Education\u00a0Policy Review<\/a><\/li>\n<li><a href=\"http:\/\/www.artnews.com\/\">ARTnews<\/a><\/li>\n<li><a href=\"https:\/\/academic.oup.com\/bjaesthetics\">British Journal of Aesthetics<\/a><\/li>\n<li><a href=\"https:\/\/canadianart.ca\/\">Canadian Art<\/a><\/li>\n<li><a href=\"https:\/\/csea-scea.ca\/journals\/\">Canadian Art Teacher<\/a><\/li>\n<li><a href=\"https:\/\/csea-scea.ca\/canadian-review-of-art-education\/\">Canadian Review of\u00a0Art Education<\/a><\/li>\n<li><a href=\"http:\/\/www.ijea.org\">International Journal of Education and\u00a0the Arts<\/a><\/li>\n<li><a href=\"http:\/\/ojs.library.ubc.ca\/index.php\/ijeta\/index\">International Journal of Education through Art<\/a><\/li>\n<li><a href=\"http:\/\/art-history.concordia.ca\/JCAH\/index.html\">Journal of Canadian Art History<\/a><\/li>\n<li><a href=\"http:\/\/www.informaworld.com\/smpp\/title~db=all~content=t755420531~tab=issueslist\">Journal\u00a0of Mathematics and the Arts<\/a><\/li>\n<li><a href=\"http:\/\/scholarscompass.vcu.edu\/jstae\/\">Journal\u00a0of Social Theory in Art Education<\/a><\/li>\n<li><a href=\"https:\/\/www.tandfonline.com\/journals\/usae20\">Studies in Art\u00a0Education<\/a><\/li>\n<li><a href=\"http:\/\/www.ibiblio.org\/nmediac\/staff.html\">The Journal of New\u00a0Media and Culture<\/a><\/li>\n<\/ul>\n<p id=\"topsm\" align=\"right\"><a href=\"#top\">[\u00a0top\u00a0]<\/a><\/p>\n<p><strong>ONTARIO MINISTRY OF EDUCATION VISUAL ARTS PUBLICATIONS<\/strong><a name=\"on_mntry_ed_vsl_art_pubs\"><\/a><\/p>\n<p class=\"sub\"><strong>PROVINCIAL CURRICULUM<\/strong><a name=\"on_mntry_ed_vsl_art_pubs_prov_curr\"><\/a><\/p>\n<ul>\n<li><a href=\"https:\/\/www.ontario.ca\/page\/ministry-education\">Ontario\u00a0Ministry of Education (OME)<\/a><\/li>\n<li><a href=\"http:\/\/www.edu.gov.on.ca\/eng\/curriculum\/elementary\/kinderprogram.html\">The\u00a0Kindergarten Program (OME, 2016)<\/a><\/li>\n<li><a href=\"http:\/\/www.edu.gov.on.ca\/eng\/curriculum\/elementary\/arts18b09curr.pdf\">Ontario\u00a0Curriculum: Grades 1-8 The Arts (OMET, 2009)<\/a><\/li>\n<li><a href=\"http:\/\/www.edu.gov.on.ca\/eng\/curriculum\/secondary\/arts.html\">Ontario\u00a0Curriculum: Grades 9\/10 The Arts (OMET, 2010)<\/a><\/li>\n<li><a href=\"http:\/\/www.edu.gov.on.ca\/eng\/curriculum\/secondary\/arts.html\">Ontario\u00a0Curriculum: Grades 11\/12 The Arts (OMET,2010)<\/a><\/li>\n<\/ul>\n<p id=\"topsm\" align=\"right\"><a href=\"#top\">[\u00a0top\u00a0]<\/a><\/p>\n<p class=\"sub\"><strong>SUPPORT SITES &amp; DOCUMENTS<\/strong><a name=\"on_mntry_ed_vsl_art_pubs_sup_docs\"><\/a><\/p>\n<ul>\n<li><a href=\"http:\/\/osapac.ca\/ccpalo\/\">OSAPAC Licenced Software (OME)<\/a><\/li>\n<\/ul>\n<p id=\"topsm\" align=\"right\"><a href=\"#top\">[\u00a0top\u00a0]<\/a><\/p>\n<p><strong>VISUAL ARTS GALLERIES &amp; MUSEUMS<\/strong><a name=\"vsl_art_glry_msm\"><\/a><\/p>\n<ul>\n<li><a href=\"https:\/\/www.albrightknox.org\/\">Albright-Knox Art\u00a0Gallery (Chicago)<\/a><\/li>\n<li><a href=\"https:\/\/www.youraga.ca\/\"> Art Gallery of Alberta\u00a0(Edmonton)<\/a><\/li>\n<li><a href=\"https:\/\/ago.ca\/\">Art Gallery of Ontario (Toronto)<\/a><\/li>\n<li><a href=\"http:\/\/www.artic.edu\/\">Art Institute of Chicago (Chicago)<\/a><\/li>\n<li><a href=\"https:\/\/www.warmuseum.ca\/\">Canadian War Museum\u00a0(Ottawa)<\/a><\/li>\n<li><a href=\"http:\/\/ciac.ca\/en\/home\/\">Centre International d\u2019Art Contemporain\u00a0(Montreal)<\/a><\/li>\n<li><a href=\"https:\/\/www.centrepompidou.fr\/en\">Centre\u00a0Pompidou (Paris)<\/a><\/li>\n<li><a href=\"http:\/\/www.clevelandart.org\/\">Cleveland Museum of\u00a0Art (Cleveland)<\/a><\/li>\n<li><a href=\"http:\/\/www.dia.org\/\">Detroit Institute for the Arts (Detroit)<\/a><\/li>\n<li><a href=\"http:\/\/www.diacenter.org\/\">Dia Center for the Arts (New York)<\/a><\/li>\n<li><a href=\"http:\/\/www.gn-o.org\/en\/\">Gallerie du Nouvel-Ontario (GNO)<\/a><\/li>\n<li><a href=\"http:\/\/www.guggenheim.org\/\">Guggenheim Museum (New York)<\/a><\/li>\n<li><a href=\"http:\/\/www.googleartproject.com\/\">Google Art Project (World Museums in 3-D Tours) <\/a><\/li>\n<li><a href=\"http:\/\/www.iniva.org\">Institute of International Visual Arts\u00a0(London)<\/a><\/li>\n<li><a href=\"https:\/\/www.khm.at\/en\">Kunsthistorisches Museum (Vienna)<\/a><\/li>\n<li><a href=\"http:\/\/www.louvre.fr\/en\">Louvre Museum\u00a0(Paris)<\/a><\/li>\n<li><a href=\"http:\/\/www.metmuseum.org\/\">Metropolitan Museum of Art (New\u00a0York)<\/a><\/li>\n<li><a href=\"https:\/\/www.mbam.qc.ca\/en\/\">Montreal Museum of Fine Arts (Montreal)<\/a><\/li>\n<li><a href=\"https:\/\/macm.org\/en\/\">Mus\u00e9e d\u2019Art\u00a0Contemporain de Montr\u00e9al (Montreal)<\/a><\/li>\n<li><a href=\"http:\/\/www.musee-orsay.fr\/en\/home.html\">Mus\u00e9e D\u2019Orsay\u00a0(Paris)<\/a><\/li>\n<li><a href=\"https:\/\/www.moma.org\/\">Museum of Modern Art (New York)<\/a><\/li>\n<li><a href=\"http:\/\/www.nationalgallery.org.uk\/\">National Gallery (London)<\/a><\/li>\n<li><a href=\"http:\/\/www.nga.gov\/content\/ngaweb.html\">National Gallery of Art (Washington)<\/a><\/li>\n<li><a href=\"https:\/\/www.gallery.ca\/\">National Gallery of Canada (Ottawa)<\/a><\/li>\n<li><a href=\"http:\/\/www.museodelprado.es\">Prado (Madrid)<\/a><\/li>\n<li><a href=\"http:\/\/www.si.edu\/\">Smithsonian Institutution (Washington)<\/a><\/li>\n<li><a href=\"https:\/\/www.stedelijk.nl\/en\">Stedelijk Museum (Amsterdam)<\/a><\/li>\n<li><a href=\"http:\/\/www.tate.org.uk\/\">Tate Gallery (London)<\/a><\/li>\n<li><a href=\"https:\/\/www.britishmuseum.org\/\">The British Museum (London)<\/a><\/li>\n<li><a href=\"http:\/\/www.getty.edu\/\">The Getty<\/a><\/li>\n<li><a href=\"http:\/\/www.mcmichael.com\/\">The McMichael Canadian Art Collection\u00a0(Kleinburg)<\/a><\/li>\n<li><a href=\"http:\/\/www.hermitagemuseum.org\/\">The State Hermitage Museum\u00a0(St. Petersburg)<\/a><\/li>\n<li><a href=\"http:\/\/www.vatican.va\/\">The Vatican Museums (Rome)<\/a><\/li>\n<\/ul>\n<p id=\"topsm\" align=\"right\"><a href=\"#top\">[\u00a0top\u00a0]<\/a><\/p>\n<p><strong>VISUAL ARTS &amp; MATHEMATICS CONNECTIONS<\/strong><a name=\"vsl_art_math_con\"><\/a><\/p>\n<ul>\n<li><a href=\"https:\/\/bathsheba.com\/\">Bathsheba Grossman Sculpture<\/a><\/li>\n<li><a href=\"http:\/\/www.bridgesmathart.org\/\">Bridges Organization: Math\u00a0Connections in Art, Music, &amp; Science<\/a><\/li>\n<li><a href=\"http:\/\/www.informaworld.com\/smpp\/title~db=all~content=t755420531~tab=issueslist\">Journal\u00a0of Mathematics and the Arts<\/a><\/li>\n<li><a href=\"https:\/\/www.rcmusic.com\/learning\/learning-through-arts\">Learning through the Arts (Royal Conservatory\u00a0of Music)<\/a><\/li>\n<li><a href=\"http:\/\/lostinrecursion.wordpress.com\/about\/\">Lost in Recursion (Math\/Art\/Schooling Blog by Salomon)<\/a><\/li>\n<li><a href=\"http:\/\/makingmathvisible.com\/\">Making Math Visible (Hart\/Heathfield)<\/a> |\u00a0<a href=\"https:\/\/www.simonsfoundation.org\/multimedia\/mathematical-impressions-multimedia\/mathematical-impressions-the-golden-ratio\/\">Golden Ratio (SF)<\/a> | <a href=\"https:\/\/www.youtube.com\/watch?v=_gxC8OjoQkQ\">Golden Ratio Nautilus<\/a><\/li>\n<li><a href=\"https:\/\/www.google.com\/culturalinstitute\/beta\/u\/0\/usergallery\/math-in-art\/igKiJlzIv0J2LQ\">Math in Art (Google Arts &amp; Culture)<\/a><\/li>\n<li><a href=\"http:\/\/www.mathartfun.com\/\">Mathartfun<\/a><\/li>\n<li><a href=\"https:\/\/www.ams.org\/publicoutreach\/math-imagery\/2025-exhibition\">Mathematical Imagery (AMS)<\/a><\/li>\n<li><a href=\"https:\/\/en.wikipedia.org\/wiki\/Mathematics_and_art\">Mathematics and Art (Wikipedia)<\/a><\/li>\n<li><a href=\"http:\/\/www.museumofthegoldenratio.org\/\">Museum of the Golden Ratio: A Geometry of Life and Art<\/a><\/li>\n<li><a href=\"http:\/\/vimeo.com\/9953368\">Nature by Numbers (Vila video)<\/a><\/li>\n<li><a href=\"http:\/\/www.juliasets.dk\/Pictures_of_Julia_and_Mandelbrot_sets.htm\">Pictures of Julia and Mandelbrot Sets (Wikibook, Gert Buschmann)<\/a><\/li>\n<li><a href=\"http:\/\/plus.maths.org\/content\/\">Plus Internet Magazine<\/a><\/li>\n<li><a href=\"http:\/\/www.principlesofnature.com\/\">Principles of Nature: Towards a New Visual Language (Roberts)<\/a><\/li>\n<li><a href=\"http:\/\/universalleonardo.org\/\">Universal Leonardo (University of the Arts, London)<\/a><\/li>\n<\/ul>\n<p id=\"topsm\" align=\"right\"><a href=\"#top\">[\u00a0top\u00a0]<\/a><\/p>\n<p><strong>OTHER VISUAL ARTS &amp; MISCELLANEOUS RESOURCES<\/strong><a name=\"vsl_art_misc_res\"><\/a><\/p>\n<ul>\n<li><a href=\"https:\/\/animoto.com\/\">Animoto (Video Slideshows)<\/a><\/li>\n<li><a href=\"http:\/\/www.answers.com\/\">Answers.com (Rosenschein)<\/a><\/li>\n<li><a href=\"https:\/\/en.wikipedia.org\/wiki\/Art_Attack\">Art Attack (HIT)<\/a><\/li>\n<li><a href=\"http:\/\/artedvideo.blogspot.ca\/\">Art Education Videos (Olejarz)<\/a><\/li>\n<li><a href=\"http:\/\/www.artchive.com\/\">Artchive (Harden)<\/a><\/li>\n<li><a href=\"http:\/\/www.brainpop.com\/\">BrainPOP (FWD Media)<\/a><\/li>\n<li><a href=\"http:\/\/www.commoncraft.com\/\">Commoncraft Instructional Videos<\/a><\/li>\n<li><a href=\"http:\/\/www.drawright.com\/\">Drawing on the Right Side of the Brain (Edwards)<\/a><\/li>\n<li><a href=\"https:\/\/edublogs.org\/\">Edublogs: Teacher and Student Blogs<\/a><\/li>\n<li><a href=\"https:\/\/www.encyclopedia.com\/\">Encyclopedia.com (Highbeam Research)<\/a><\/li>\n<li><a href=\"https:\/\/gaya-game.co.il\/en\">Gaya: The Art of Thinking<\/a><\/li>\n<li><a href=\"https:\/\/www.google.com\/culturalinstitute\/project\/art-project\">Google Art Project<\/a><\/li>\n<li><a href=\"http:\/\/www.google.ca\/\">Google Search<\/a> | <a href=\"http:\/\/images.google.com\/\">Images<\/a> | <a href=\"http:\/\/www.google.com\/local\">Maps <\/a>| <a href=\"http:\/\/video.google.com\/\">Video <\/a>| <a href=\"https:\/\/translate.google.com\/#\">Translate <\/a>| <a href=\"https:\/\/www.google.com\/accounts\/ServiceLogin?hl=en&amp;nui=1&amp;service=reader&amp;continue=http:\/\/www.google.com\/reader\/\">Reader<\/a> | <a href=\"http:\/\/scholar.google.ca\/\">Scholar |\u00a0<\/a><a href=\"http:\/\/earth.google.com\/\">Earth<\/a><\/li>\n<li><a href=\"https:\/\/www.hightail.com\/?home=true\">HighTail (Large Filesharing)<\/a><\/li>\n<li><a href=\"http:\/\/www.jigsawdoku.com\/\">JigSawDoku (Lee &amp; Greenspan)<\/a><\/li>\n<li><a href=\"https:\/\/learn360.infobase.com\/p_Login.aspx?loggedOut=1\">Learn360 (Login)<\/a><\/li>\n<li><a href=\"http:\/\/learn.edx.org\/partner-mit\/?g_acctid=926-195-8061&amp;g_campaign=gs-us-free-nonbrand-partner-mit&amp;g_campaignid=1265339715&amp;g_adgroupid=51931799503&amp;g_adid=258702861517&amp;g_keyword=mit%20learning&amp;g_keywordid=kwd-296779432973&amp;g_network=g?utm_source=adwords&amp;utm_campaign=1265339715&amp;utm_medium=51931799503&amp;utm_term=mit%20learning&amp;gclid=Cj0KCQiA2b7uBRDsARIsAEE9XpHJoiIkhJl29WtCfyecwehNYgW2XZd2ZoKBVTAd4PYUadNsYrS9wvcaAmLJEALw_wcB\">MIT on iTunes U<\/a><\/li>\n<li><a href=\"http:\/\/www.children.gov.on.ca\/htdocs\/english\/topics\/earlychildhood\/oeyc\/index.aspx\">Ontario\u00a0Early Years Centres<\/a><\/li>\n<li><a href=\"https:\/\/www.plickers.com\/\">Plickers (Real-time class assessment data using one SmartPhone)\u00a0<\/a><\/li>\n<li><a href=\"https:\/\/www.youtube.com\/watch?v=8fJDXjh8PAk\">Prime Radicals (Colgan)<\/a><\/li>\n<li><a href=\"http:\/\/www.gutenberg.org\/\">Project Gutenburg (Hart)<\/a><\/li>\n<li><a href=\"http:\/\/sirkenrobinson.com\/\">Sir Ken Robinson<\/a> (Creativity in Schooling)<\/li>\n<li><a href=\"http:\/\/www.reflectorapp.com\/\">Reflector (Software for wireless projection of iPhone\/iPad 2 on Mac)<\/a><\/li>\n<li><a href=\"http:\/\/www.teachertube.com\/\">Teacher Tube<\/a><\/li>\n<li><a href=\"https:\/\/www.thecanadianencyclopedia.ca\/en\">The Canadian Encyclopedia\u00a0(Historica)<\/a><\/li>\n<li><a href=\"http:\/\/www.theteacherscorner.net\/\">The Teacher&#8217;s Corner<\/a><\/li>\n<li><a href=\"https:\/\/www.tati.on.ca\/\">Toronto Art Therapy Institute<\/a><\/li>\n<li><a href=\"http:\/\/en.wikipedia.org\/wiki\/Visual_art\">Visual Arts (Wikipedia)<\/a><\/li>\n<\/ul>\n<p id=\"topsm\" align=\"right\"><a href=\"#top\">[\u00a0top\u00a0]<\/a><\/p>\n<p align=\"right\">\n","protected":false},"excerpt":{"rendered":"<p>VISUAL ARTS EDUCATION ORGANIZATIONS INTERNATIONAL CANADIAN PROVINCIAL VISUAL ARTS EDUCATION &amp; RESEARCH\u00a0JOURNALS ONTARIO MINISTRY OF EDUCATION VISUAL\u00a0ARTS PUBLICATIONS PROVINCIAL CURRICULUM SUPPORT SITES &amp; DOCUMENTS VISUAL ARTS GALLERIES &amp; MUSEUMS VISUAL ARTS &amp; MATHEMATICS CONNECTIONS OTHER VISUAL ARTS &amp; MISCELLANEOUS RESOURCES &hellip; <a href=\"https:\/\/faculty.nipissingu.ca\/danj\/artefacts\/\">Continue reading <span class=\"meta-nav\">&rarr;<\/span><\/a><\/p>\n","protected":false},"author":499,"featured_media":0,"parent":0,"menu_order":0,"comment_status":"closed","ping_status":"open","template":"nosidebar-page.php","meta":{"_monsterinsights_skip_tracking":false,"_monsterinsights_sitenote_active":false,"_monsterinsights_sitenote_note":"","_monsterinsights_sitenote_category":0,"_themeisle_gutenberg_block_has_review":false,"footnotes":""},"class_list":["post-60","page","type-page","status-publish","hentry"],"aioseo_notices":[],"_links":{"self":[{"href":"https:\/\/faculty.nipissingu.ca\/danj\/wp-json\/wp\/v2\/pages\/60","targetHints":{"allow":["GET"]}}],"collection":[{"href":"https:\/\/faculty.nipissingu.ca\/danj\/wp-json\/wp\/v2\/pages"}],"about":[{"href":"https:\/\/faculty.nipissingu.ca\/danj\/wp-json\/wp\/v2\/types\/page"}],"author":[{"embeddable":true,"href":"https:\/\/faculty.nipissingu.ca\/danj\/wp-json\/wp\/v2\/users\/499"}],"replies":[{"embeddable":true,"href":"https:\/\/faculty.nipissingu.ca\/danj\/wp-json\/wp\/v2\/comments?post=60"}],"version-history":[{"count":130,"href":"https:\/\/faculty.nipissingu.ca\/danj\/wp-json\/wp\/v2\/pages\/60\/revisions"}],"predecessor-version":[{"id":4613,"href":"https:\/\/faculty.nipissingu.ca\/danj\/wp-json\/wp\/v2\/pages\/60\/revisions\/4613"}],"wp:attachment":[{"href":"https:\/\/faculty.nipissingu.ca\/danj\/wp-json\/wp\/v2\/media?parent=60"}],"curies":[{"name":"wp","href":"https:\/\/api.w.org\/{rel}","templated":true}]}}